{"id":17916,"date":"2026-03-10T14:52:09","date_gmt":"2026-03-10T11:52:09","guid":{"rendered":"https:\/\/www.ndfmakina.com\/?post_type=product&#038;p=17916"},"modified":"2026-03-10T14:52:10","modified_gmt":"2026-03-10T11:52:10","slug":"misine-testere-agizli","status":"publish","type":"product","link":"https:\/\/www.ndfmakina.com\/?product=misine-testere-agizli","title":{"rendered":"M\u0130S\u0130NE TESTERE A\u011eIZLI"},"content":{"rendered":"","protected":false},"excerpt":{"rendered":"","protected":false},"featured_media":17917,"template":"","meta":[],"product_cat":[13724,13753],"product_tag":[],"_links":{"self":[{"href":"https:\/\/www.ndfmakina.com\/index.php?rest_route=\/wp\/v2\/product\/17916"}],"collection":[{"href":"https:\/\/www.ndfmakina.com\/index.php?rest_route=\/wp\/v2\/product"}],"about":[{"href":"https:\/\/www.ndfmakina.com\/index.php?rest_route=\/wp\/v2\/types\/product"}],"wp:featuredmedia":[{"embeddable":true,"href":"https:\/\/www.ndfmakina.com\/index.php?rest_route=\/wp\/v2\/media\/17917"}],"wp:attachment":[{"href":"https:\/\/www.ndfmakina.com\/index.php?rest_route=%2Fwp%2Fv2%2Fmedia&parent=17916"}],"wp:term":[{"taxonomy":"product_cat","embeddable":true,"href":"https:\/\/www.ndfmakina.com\/index.php?rest_route=%2Fwp%2Fv2%2Fproduct_cat&post=17916"},{"taxonomy":"product_tag","embeddable":true,"href":"https:\/\/www.ndfmakina.com\/index.php?rest_route=%2Fwp%2Fv2%2Fproduct_tag&post=17916"}],"curies":[{"name":"wp","href":"https:\/\/api.w.org\/{rel}","templated":true}]}}