{"id":17622,"date":"2024-01-31T11:24:37","date_gmt":"2024-01-31T08:24:37","guid":{"rendered":"https:\/\/www.ndfmakina.com\/?post_type=product&#038;p=17622"},"modified":"2025-07-01T14:35:19","modified_gmt":"2025-07-01T11:35:19","slug":"diafram-stihl-025-zama","status":"publish","type":"product","link":"https:\/\/www.ndfmakina.com\/?product=diafram-stihl-025-zama","title":{"rendered":"D\u0130AFRAM ST\u0130HL 025 ZAMA"},"content":{"rendered":"<p>KARB\u00dcRAT\u00d6R CONTASI<\/p>\n","protected":false},"excerpt":{"rendered":"<p>KARB\u00dcRAT\u00d6R CONTASI<\/p>\n","protected":false},"featured_media":17629,"template":"","meta":[],"product_cat":[13680,13694],"product_tag":[],"_links":{"self":[{"href":"https:\/\/www.ndfmakina.com\/index.php?rest_route=\/wp\/v2\/product\/17622"}],"collection":[{"href":"https:\/\/www.ndfmakina.com\/index.php?rest_route=\/wp\/v2\/product"}],"about":[{"href":"https:\/\/www.ndfmakina.com\/index.php?rest_route=\/wp\/v2\/types\/product"}],"wp:featuredmedia":[{"embeddable":true,"href":"https:\/\/www.ndfmakina.com\/index.php?rest_route=\/wp\/v2\/media\/17629"}],"wp:attachment":[{"href":"https:\/\/www.ndfmakina.com\/index.php?rest_route=%2Fwp%2Fv2%2Fmedia&parent=17622"}],"wp:term":[{"taxonomy":"product_cat","embeddable":true,"href":"https:\/\/www.ndfmakina.com\/index.php?rest_route=%2Fwp%2Fv2%2Fproduct_cat&post=17622"},{"taxonomy":"product_tag","embeddable":true,"href":"https:\/\/www.ndfmakina.com\/index.php?rest_route=%2Fwp%2Fv2%2Fproduct_tag&post=17622"}],"curies":[{"name":"wp","href":"https:\/\/api.w.org\/{rel}","templated":true}]}}