{"id":16448,"date":"2023-08-23T19:21:48","date_gmt":"2023-08-23T16:21:48","guid":{"rendered":"https:\/\/www.ndfmakina.com\/urun\/bobin-stihl-fr-450\/"},"modified":"2023-09-27T00:31:10","modified_gmt":"2023-09-26T21:31:10","slug":"bobin-stihl-fr-450","status":"publish","type":"product","link":"https:\/\/www.ndfmakina.com\/?product=bobin-stihl-fr-450","title":{"rendered":"BOB\u0130N ST\u0130HL FR 450"},"content":{"rendered":"<p>TIRPAN MOTORU ELEKTRON\u0130K ATE\u015eLEME BOB\u0130N\u0130<\/p>\n","protected":false},"excerpt":{"rendered":"<p>TIRPAN MOTORU ELEKTRON\u0130K ATE\u015eLEME BOB\u0130N\u0130<\/p>\n","protected":false},"featured_media":16449,"template":"","meta":[],"product_cat":[13724,13734],"product_tag":[],"_links":{"self":[{"href":"https:\/\/www.ndfmakina.com\/index.php?rest_route=\/wp\/v2\/product\/16448"}],"collection":[{"href":"https:\/\/www.ndfmakina.com\/index.php?rest_route=\/wp\/v2\/product"}],"about":[{"href":"https:\/\/www.ndfmakina.com\/index.php?rest_route=\/wp\/v2\/types\/product"}],"wp:featuredmedia":[{"embeddable":true,"href":"https:\/\/www.ndfmakina.com\/index.php?rest_route=\/wp\/v2\/media\/16449"}],"wp:attachment":[{"href":"https:\/\/www.ndfmakina.com\/index.php?rest_route=%2Fwp%2Fv2%2Fmedia&parent=16448"}],"wp:term":[{"taxonomy":"product_cat","embeddable":true,"href":"https:\/\/www.ndfmakina.com\/index.php?rest_route=%2Fwp%2Fv2%2Fproduct_cat&post=16448"},{"taxonomy":"product_tag","embeddable":true,"href":"https:\/\/www.ndfmakina.com\/index.php?rest_route=%2Fwp%2Fv2%2Fproduct_tag&post=16448"}],"curies":[{"name":"wp","href":"https:\/\/api.w.org\/{rel}","templated":true}]}}