{"id":16358,"date":"2023-08-23T19:21:13","date_gmt":"2023-08-23T16:21:13","guid":{"rendered":"https:\/\/www.ndfmakina.com\/urun\/valf-q18-mm-tf-900\/"},"modified":"2024-02-27T16:18:12","modified_gmt":"2024-02-27T13:18:12","slug":"valf-q18-mm-tf-900","status":"publish","type":"product","link":"https:\/\/www.ndfmakina.com\/?product=valf-q18-mm-tf-900","title":{"rendered":"VALF Q18 MM TF 900"},"content":{"rendered":"<p>\u0130LA\u00c7 MOTORU SU VALF\u0130 18 MM<\/p>\n","protected":false},"excerpt":{"rendered":"<p>\u0130LA\u00c7 MOTORU SU VALF\u0130 18 MM<\/p>\n","protected":false},"featured_media":16359,"template":"","meta":[],"product_cat":[13768,13784],"product_tag":[],"_links":{"self":[{"href":"https:\/\/www.ndfmakina.com\/index.php?rest_route=\/wp\/v2\/product\/16358"}],"collection":[{"href":"https:\/\/www.ndfmakina.com\/index.php?rest_route=\/wp\/v2\/product"}],"about":[{"href":"https:\/\/www.ndfmakina.com\/index.php?rest_route=\/wp\/v2\/types\/product"}],"wp:featuredmedia":[{"embeddable":true,"href":"https:\/\/www.ndfmakina.com\/index.php?rest_route=\/wp\/v2\/media\/16359"}],"wp:attachment":[{"href":"https:\/\/www.ndfmakina.com\/index.php?rest_route=%2Fwp%2Fv2%2Fmedia&parent=16358"}],"wp:term":[{"taxonomy":"product_cat","embeddable":true,"href":"https:\/\/www.ndfmakina.com\/index.php?rest_route=%2Fwp%2Fv2%2Fproduct_cat&post=16358"},{"taxonomy":"product_tag","embeddable":true,"href":"https:\/\/www.ndfmakina.com\/index.php?rest_route=%2Fwp%2Fv2%2Fproduct_tag&post=16358"}],"curies":[{"name":"wp","href":"https:\/\/api.w.org\/{rel}","templated":true}]}}