{"id":16342,"date":"2023-08-23T19:20:58","date_gmt":"2023-08-23T16:20:58","guid":{"rendered":"https:\/\/www.ndfmakina.com\/urun\/ndf-piston-husqvarna-340\/"},"modified":"2024-09-28T11:00:05","modified_gmt":"2024-09-28T08:00:05","slug":"ndf-piston-husqvarna-340","status":"publish","type":"product","link":"https:\/\/www.ndfmakina.com\/?product=ndf-piston-husqvarna-340","title":{"rendered":"P\u0130STON TAKIM HUSQVARNA 340(40 MM)"},"content":{"rendered":"<p>MOTORLU TESTERE P\u0130STON TAKIMI HUSQVARNA 340<\/p>\n<p>PAKET \u0130\u00c7ER\u0130\u011e\u0130:<br \/>\n<br \/>1 adet Piston<br \/>\n<br \/>2 adet Segman<br \/>\n<br \/>1 adet Gajon Pimi<br \/>\n<br \/>2 adet Gajon Sabitleyici<\/p>\n","protected":false},"excerpt":{"rendered":"<p>MOTORLU TESTERE P\u0130STON TAKIMI HUSQVARNA 340<\/p>\n<p>PAKET \u0130\u00c7ER\u0130\u011e\u0130:<br \/>\n<br \/>1 adet Piston<br \/>\n<br \/>2 adet Segman<br \/>\n<br \/>1 adet Gajon Pimi<br \/>\n<br \/>2 adet Gajon Sabitleyici<\/p>\n","protected":false},"featured_media":16343,"template":"","meta":[],"product_cat":[13680,13711],"product_tag":[],"_links":{"self":[{"href":"https:\/\/www.ndfmakina.com\/index.php?rest_route=\/wp\/v2\/product\/16342"}],"collection":[{"href":"https:\/\/www.ndfmakina.com\/index.php?rest_route=\/wp\/v2\/product"}],"about":[{"href":"https:\/\/www.ndfmakina.com\/index.php?rest_route=\/wp\/v2\/types\/product"}],"wp:featuredmedia":[{"embeddable":true,"href":"https:\/\/www.ndfmakina.com\/index.php?rest_route=\/wp\/v2\/media\/16343"}],"wp:attachment":[{"href":"https:\/\/www.ndfmakina.com\/index.php?rest_route=%2Fwp%2Fv2%2Fmedia&parent=16342"}],"wp:term":[{"taxonomy":"product_cat","embeddable":true,"href":"https:\/\/www.ndfmakina.com\/index.php?rest_route=%2Fwp%2Fv2%2Fproduct_cat&post=16342"},{"taxonomy":"product_tag","embeddable":true,"href":"https:\/\/www.ndfmakina.com\/index.php?rest_route=%2Fwp%2Fv2%2Fproduct_tag&post=16342"}],"curies":[{"name":"wp","href":"https:\/\/api.w.org\/{rel}","templated":true}]}}