{"id":16210,"date":"2023-08-23T19:19:46","date_gmt":"2023-08-23T16:19:46","guid":{"rendered":"https:\/\/www.ndfmakina.com\/urun\/diafram-ctm-tf-900\/"},"modified":"2024-09-27T17:38:06","modified_gmt":"2024-09-27T14:38:06","slug":"diafram-ctm-tf-900","status":"publish","type":"product","link":"https:\/\/www.ndfmakina.com\/?product=diafram-ctm-tf-900","title":{"rendered":"D\u0130AFRAM \u00c7TM-TF 900"},"content":{"rendered":"<p>KARB\u00dcRAT\u00d6R CONTASI TAKIM<\/p>\n","protected":false},"excerpt":{"rendered":"<p>KARB\u00dcRAT\u00d6R CONTASI TAKIM<\/p>\n","protected":false},"featured_media":17615,"template":"","meta":[],"product_cat":[13768,13777,13680,13694],"product_tag":[],"_links":{"self":[{"href":"https:\/\/www.ndfmakina.com\/index.php?rest_route=\/wp\/v2\/product\/16210"}],"collection":[{"href":"https:\/\/www.ndfmakina.com\/index.php?rest_route=\/wp\/v2\/product"}],"about":[{"href":"https:\/\/www.ndfmakina.com\/index.php?rest_route=\/wp\/v2\/types\/product"}],"wp:featuredmedia":[{"embeddable":true,"href":"https:\/\/www.ndfmakina.com\/index.php?rest_route=\/wp\/v2\/media\/17615"}],"wp:attachment":[{"href":"https:\/\/www.ndfmakina.com\/index.php?rest_route=%2Fwp%2Fv2%2Fmedia&parent=16210"}],"wp:term":[{"taxonomy":"product_cat","embeddable":true,"href":"https:\/\/www.ndfmakina.com\/index.php?rest_route=%2Fwp%2Fv2%2Fproduct_cat&post=16210"},{"taxonomy":"product_tag","embeddable":true,"href":"https:\/\/www.ndfmakina.com\/index.php?rest_route=%2Fwp%2Fv2%2Fproduct_tag&post=16210"}],"curies":[{"name":"wp","href":"https:\/\/api.w.org\/{rel}","templated":true}]}}