{"id":16194,"date":"2023-08-23T19:19:46","date_gmt":"2023-08-23T16:19:46","guid":{"rendered":"https:\/\/www.ndfmakina.com\/urun\/mantar-orumcek-prc\/"},"modified":"2023-09-25T03:19:32","modified_gmt":"2023-09-25T00:19:32","slug":"mantar-orumcek-prc","status":"publish","type":"product","link":"https:\/\/www.ndfmakina.com\/?product=mantar-orumcek-prc","title":{"rendered":"MANTAR \u00d6R\u00dcMCEK PRC"},"content":{"rendered":"<p>MOTORLU TIRPAN \u00d6R\u00dcMCEK BASLIK<\/p>\n<p>TEK PAR\u00c7A G\u00d6VDE<\/p>\n<p>DAYANIKLI VE SAGLAM AL\u00dcMINYUM \u00c7ELIK G\u00d6VDE<\/p>\n<p>PRATIK VE KOLAY KULLANIM<\/p>\n","protected":false},"excerpt":{"rendered":"<p>MOTORLU TIRPAN \u00d6R\u00dcMCEK BASLIK<\/p>\n<p>TEK PAR\u00c7A G\u00d6VDE<\/p>\n<p>DAYANIKLI VE SAGLAM AL\u00dcMINYUM \u00c7ELIK G\u00d6VDE<\/p>\n<p>PRATIK VE KOLAY KULLANIM<\/p>\n","protected":false},"featured_media":16195,"template":"","meta":[],"product_cat":[13724,13755],"product_tag":[],"_links":{"self":[{"href":"https:\/\/www.ndfmakina.com\/index.php?rest_route=\/wp\/v2\/product\/16194"}],"collection":[{"href":"https:\/\/www.ndfmakina.com\/index.php?rest_route=\/wp\/v2\/product"}],"about":[{"href":"https:\/\/www.ndfmakina.com\/index.php?rest_route=\/wp\/v2\/types\/product"}],"wp:featuredmedia":[{"embeddable":true,"href":"https:\/\/www.ndfmakina.com\/index.php?rest_route=\/wp\/v2\/media\/16195"}],"wp:attachment":[{"href":"https:\/\/www.ndfmakina.com\/index.php?rest_route=%2Fwp%2Fv2%2Fmedia&parent=16194"}],"wp:term":[{"taxonomy":"product_cat","embeddable":true,"href":"https:\/\/www.ndfmakina.com\/index.php?rest_route=%2Fwp%2Fv2%2Fproduct_cat&post=16194"},{"taxonomy":"product_tag","embeddable":true,"href":"https:\/\/www.ndfmakina.com\/index.php?rest_route=%2Fwp%2Fv2%2Fproduct_tag&post=16194"}],"curies":[{"name":"wp","href":"https:\/\/api.w.org\/{rel}","templated":true}]}}