{"id":16048,"date":"2023-08-23T19:18:00","date_gmt":"2023-08-23T16:18:00","guid":{"rendered":"https:\/\/www.ndfmakina.com\/urun\/saft-mili-1387-yildiz\/"},"modified":"2026-02-27T14:37:05","modified_gmt":"2026-02-27T11:37:05","slug":"saft-mili-1387-yildiz","status":"publish","type":"product","link":"https:\/\/www.ndfmakina.com\/?product=saft-mili-1387-yildiz","title":{"rendered":"\u015eAFT M\u0130L\u0130 138*7 YILDIZ"},"content":{"rendered":"<p>\u015eAFT M\u0130L\u0130 138*7 YILDIZ<\/p>\n","protected":false},"excerpt":{"rendered":"<p>\u015eAFT M\u0130L\u0130 138*7 YILDIZ<\/p>\n","protected":false},"featured_media":16049,"template":"","meta":[],"product_cat":[13724,13758],"product_tag":[],"_links":{"self":[{"href":"https:\/\/www.ndfmakina.com\/index.php?rest_route=\/wp\/v2\/product\/16048"}],"collection":[{"href":"https:\/\/www.ndfmakina.com\/index.php?rest_route=\/wp\/v2\/product"}],"about":[{"href":"https:\/\/www.ndfmakina.com\/index.php?rest_route=\/wp\/v2\/types\/product"}],"wp:featuredmedia":[{"embeddable":true,"href":"https:\/\/www.ndfmakina.com\/index.php?rest_route=\/wp\/v2\/media\/16049"}],"wp:attachment":[{"href":"https:\/\/www.ndfmakina.com\/index.php?rest_route=%2Fwp%2Fv2%2Fmedia&parent=16048"}],"wp:term":[{"taxonomy":"product_cat","embeddable":true,"href":"https:\/\/www.ndfmakina.com\/index.php?rest_route=%2Fwp%2Fv2%2Fproduct_cat&post=16048"},{"taxonomy":"product_tag","embeddable":true,"href":"https:\/\/www.ndfmakina.com\/index.php?rest_route=%2Fwp%2Fv2%2Fproduct_tag&post=16048"}],"curies":[{"name":"wp","href":"https:\/\/api.w.org\/{rel}","templated":true}]}}