{"id":15898,"date":"2023-08-23T19:16:48","date_gmt":"2023-08-23T16:16:48","guid":{"rendered":"https:\/\/www.ndfmakina.com\/urun\/starter-kapak-ckm-cift-zemberekli\/"},"modified":"2026-01-14T17:36:35","modified_gmt":"2026-01-14T14:36:35","slug":"starter-kapak-ckm-cift-zemberekli","status":"publish","type":"product","link":"https:\/\/www.ndfmakina.com\/?product=starter-kapak-ckm-cift-zemberekli","title":{"rendered":"STARTER KAPAK \u00c7KM \u00c7\u0130FT ZEMBEREKL\u0130"},"content":{"rendered":"","protected":false},"excerpt":{"rendered":"","protected":false},"featured_media":17893,"template":"","meta":[],"product_cat":[13680,13713],"product_tag":[],"_links":{"self":[{"href":"https:\/\/www.ndfmakina.com\/index.php?rest_route=\/wp\/v2\/product\/15898"}],"collection":[{"href":"https:\/\/www.ndfmakina.com\/index.php?rest_route=\/wp\/v2\/product"}],"about":[{"href":"https:\/\/www.ndfmakina.com\/index.php?rest_route=\/wp\/v2\/types\/product"}],"wp:featuredmedia":[{"embeddable":true,"href":"https:\/\/www.ndfmakina.com\/index.php?rest_route=\/wp\/v2\/media\/17893"}],"wp:attachment":[{"href":"https:\/\/www.ndfmakina.com\/index.php?rest_route=%2Fwp%2Fv2%2Fmedia&parent=15898"}],"wp:term":[{"taxonomy":"product_cat","embeddable":true,"href":"https:\/\/www.ndfmakina.com\/index.php?rest_route=%2Fwp%2Fv2%2Fproduct_cat&post=15898"},{"taxonomy":"product_tag","embeddable":true,"href":"https:\/\/www.ndfmakina.com\/index.php?rest_route=%2Fwp%2Fv2%2Fproduct_tag&post=15898"}],"curies":[{"name":"wp","href":"https:\/\/api.w.org\/{rel}","templated":true}]}}