{"id":15822,"date":"2023-08-23T19:16:11","date_gmt":"2023-08-23T16:16:11","guid":{"rendered":"https:\/\/www.ndfmakina.com\/urun\/ege-sapi\/"},"modified":"2023-09-20T21:04:04","modified_gmt":"2023-09-20T18:04:04","slug":"ege-sapi","status":"publish","type":"product","link":"https:\/\/www.ndfmakina.com\/?product=ege-sapi","title":{"rendered":"E\u011eE SAPI"},"content":{"rendered":"<p>MOTORLU TESTERE E\u011eES\u0130 \u0130\u00c7\u0130N E\u011eELEME APARATI.<\/p>\n<p>\u00dcR\u00dcN MOTORLU TESTERE E\u011eES\u0130NE TAKILARAK MOTORLU TESTERE Z\u0130NC\u0130R\u0130N\u0130 E\u011eELEMEDE YARDIMCI OLUR VE KOLAYLIK SA\u011eLAR.<\/p>\n<p>\u00dcR\u00dcN KIRILMAZ SERT PLAST\u0130KTEN \u00dcRET\u0130LM\u0130\u015eT\u0130R.<\/p>\n<p>\u00dcR\u00dcN STOK DURUMUNA G\u00d6RE FARKLI RENK VE \u015eEK\u0130L DE G\u00d6NDER\u0130LEB\u0130LMEKTED\u0130R.<\/p>\n<p>PAKET ADET\u0130: 50<\/p>\n","protected":false},"excerpt":{"rendered":"<p>MOTORLU TESTERE E\u011eES\u0130 \u0130\u00c7\u0130N E\u011eELEME APARATI.<\/p>\n<p>\u00dcR\u00dcN MOTORLU TESTERE E\u011eES\u0130NE TAKILARAK MOTORLU TESTERE Z\u0130NC\u0130R\u0130N\u0130 E\u011eELEMEDE YARDIMCI OLUR VE KOLAYLIK SA\u011eLAR.<\/p>\n<p>\u00dcR\u00dcN KIRILMAZ SERT PLAST\u0130KTEN \u00dcRET\u0130LM\u0130\u015eT\u0130R.<\/p>\n<p>\u00dcR\u00dcN STOK DURUMUNA G\u00d6RE FARKLI RENK VE \u015eEK\u0130L DE G\u00d6NDER\u0130LEB\u0130LMEKTED\u0130R.<\/p>\n<p>PAKET ADET\u0130: 50<\/p>\n","protected":false},"featured_media":15823,"template":"","meta":[],"product_cat":[13680,13696],"product_tag":[],"_links":{"self":[{"href":"https:\/\/www.ndfmakina.com\/index.php?rest_route=\/wp\/v2\/product\/15822"}],"collection":[{"href":"https:\/\/www.ndfmakina.com\/index.php?rest_route=\/wp\/v2\/product"}],"about":[{"href":"https:\/\/www.ndfmakina.com\/index.php?rest_route=\/wp\/v2\/types\/product"}],"wp:featuredmedia":[{"embeddable":true,"href":"https:\/\/www.ndfmakina.com\/index.php?rest_route=\/wp\/v2\/media\/15823"}],"wp:attachment":[{"href":"https:\/\/www.ndfmakina.com\/index.php?rest_route=%2Fwp%2Fv2%2Fmedia&parent=15822"}],"wp:term":[{"taxonomy":"product_cat","embeddable":true,"href":"https:\/\/www.ndfmakina.com\/index.php?rest_route=%2Fwp%2Fv2%2Fproduct_cat&post=15822"},{"taxonomy":"product_tag","embeddable":true,"href":"https:\/\/www.ndfmakina.com\/index.php?rest_route=%2Fwp%2Fv2%2Fproduct_tag&post=15822"}],"curies":[{"name":"wp","href":"https:\/\/api.w.org\/{rel}","templated":true}]}}