{"id":15787,"date":"2023-08-23T19:16:11","date_gmt":"2023-08-23T16:16:11","guid":{"rendered":"https:\/\/www.ndfmakina.com\/urun\/diafram-stiihl-034-036-360\/"},"modified":"2025-07-01T14:36:51","modified_gmt":"2025-07-01T11:36:51","slug":"diafram-stiihl-034-036-360","status":"publish","type":"product","link":"https:\/\/www.ndfmakina.com\/?product=diafram-stiihl-034-036-360","title":{"rendered":"D\u0130AFRAM ST\u0130\u0130HL 034\/036\/360"},"content":{"rendered":"","protected":false},"excerpt":{"rendered":"","protected":false},"featured_media":15788,"template":"","meta":[],"product_cat":[13680,13694],"product_tag":[],"_links":{"self":[{"href":"https:\/\/www.ndfmakina.com\/index.php?rest_route=\/wp\/v2\/product\/15787"}],"collection":[{"href":"https:\/\/www.ndfmakina.com\/index.php?rest_route=\/wp\/v2\/product"}],"about":[{"href":"https:\/\/www.ndfmakina.com\/index.php?rest_route=\/wp\/v2\/types\/product"}],"wp:featuredmedia":[{"embeddable":true,"href":"https:\/\/www.ndfmakina.com\/index.php?rest_route=\/wp\/v2\/media\/15788"}],"wp:attachment":[{"href":"https:\/\/www.ndfmakina.com\/index.php?rest_route=%2Fwp%2Fv2%2Fmedia&parent=15787"}],"wp:term":[{"taxonomy":"product_cat","embeddable":true,"href":"https:\/\/www.ndfmakina.com\/index.php?rest_route=%2Fwp%2Fv2%2Fproduct_cat&post=15787"},{"taxonomy":"product_tag","embeddable":true,"href":"https:\/\/www.ndfmakina.com\/index.php?rest_route=%2Fwp%2Fv2%2Fproduct_tag&post=15787"}],"curies":[{"name":"wp","href":"https:\/\/api.w.org\/{rel}","templated":true}]}}