{"id":15785,"date":"2023-08-23T19:15:57","date_gmt":"2023-08-23T16:15:57","guid":{"rendered":"https:\/\/www.ndfmakina.com\/urun\/diafram-cin-5200\/"},"modified":"2024-09-27T17:38:27","modified_gmt":"2024-09-27T14:38:27","slug":"diafram-cin-5200","status":"publish","type":"product","link":"https:\/\/www.ndfmakina.com\/?product=diafram-cin-5200","title":{"rendered":"D\u0130AFRAM \u00c7\u0130N 5200"},"content":{"rendered":"<p>KARB\u00dcRAT\u00d6R CONTASI<\/p>\n","protected":false},"excerpt":{"rendered":"<p>KARB\u00dcRAT\u00d6R CONTASI<\/p>\n","protected":false},"featured_media":17614,"template":"","meta":[],"product_cat":[13680,13694],"product_tag":[],"_links":{"self":[{"href":"https:\/\/www.ndfmakina.com\/index.php?rest_route=\/wp\/v2\/product\/15785"}],"collection":[{"href":"https:\/\/www.ndfmakina.com\/index.php?rest_route=\/wp\/v2\/product"}],"about":[{"href":"https:\/\/www.ndfmakina.com\/index.php?rest_route=\/wp\/v2\/types\/product"}],"wp:featuredmedia":[{"embeddable":true,"href":"https:\/\/www.ndfmakina.com\/index.php?rest_route=\/wp\/v2\/media\/17614"}],"wp:attachment":[{"href":"https:\/\/www.ndfmakina.com\/index.php?rest_route=%2Fwp%2Fv2%2Fmedia&parent=15785"}],"wp:term":[{"taxonomy":"product_cat","embeddable":true,"href":"https:\/\/www.ndfmakina.com\/index.php?rest_route=%2Fwp%2Fv2%2Fproduct_cat&post=15785"},{"taxonomy":"product_tag","embeddable":true,"href":"https:\/\/www.ndfmakina.com\/index.php?rest_route=%2Fwp%2Fv2%2Fproduct_tag&post=15785"}],"curies":[{"name":"wp","href":"https:\/\/api.w.org\/{rel}","templated":true}]}}