{"id":15631,"date":"2023-08-23T19:14:47","date_gmt":"2023-08-23T16:14:47","guid":{"rendered":"https:\/\/www.ndfmakina.com\/urun\/karburator-takozu-tf-900\/"},"modified":"2024-02-27T15:14:06","modified_gmt":"2024-02-27T12:14:06","slug":"karburator-takozu-tf-900","status":"publish","type":"product","link":"https:\/\/www.ndfmakina.com\/?product=karburator-takozu-tf-900","title":{"rendered":"KARB\u00dcRAT\u00d6R TAKOZU TF 900"},"content":{"rendered":"<p>\u0130LA\u00c7 MOTORU KARB\u00dcRAT\u00d6R TAKOZU<\/p>\n<p>\u0130LA\u00c7 MOTORU T\u00dcM MODELLERE UYUM SA\u011eLAR<\/p>\n","protected":false},"excerpt":{"rendered":"<p>\u0130LA\u00c7 MOTORU KARB\u00dcRAT\u00d6R TAKOZU<\/p>\n<p>\u0130LA\u00c7 MOTORU T\u00dcM MODELLERE UYUM SA\u011eLAR<\/p>\n","protected":false},"featured_media":15632,"template":"","meta":[],"product_cat":[13768,13777],"product_tag":[],"_links":{"self":[{"href":"https:\/\/www.ndfmakina.com\/index.php?rest_route=\/wp\/v2\/product\/15631"}],"collection":[{"href":"https:\/\/www.ndfmakina.com\/index.php?rest_route=\/wp\/v2\/product"}],"about":[{"href":"https:\/\/www.ndfmakina.com\/index.php?rest_route=\/wp\/v2\/types\/product"}],"wp:featuredmedia":[{"embeddable":true,"href":"https:\/\/www.ndfmakina.com\/index.php?rest_route=\/wp\/v2\/media\/15632"}],"wp:attachment":[{"href":"https:\/\/www.ndfmakina.com\/index.php?rest_route=%2Fwp%2Fv2%2Fmedia&parent=15631"}],"wp:term":[{"taxonomy":"product_cat","embeddable":true,"href":"https:\/\/www.ndfmakina.com\/index.php?rest_route=%2Fwp%2Fv2%2Fproduct_cat&post=15631"},{"taxonomy":"product_tag","embeddable":true,"href":"https:\/\/www.ndfmakina.com\/index.php?rest_route=%2Fwp%2Fv2%2Fproduct_tag&post=15631"}],"curies":[{"name":"wp","href":"https:\/\/api.w.org\/{rel}","templated":true}]}}