{"id":15601,"date":"2023-08-23T19:14:28","date_gmt":"2023-08-23T16:14:28","guid":{"rendered":"https:\/\/www.ndfmakina.com\/urun\/yayli-su-kecesi-buyuk-sb-25\/"},"modified":"2024-02-27T13:52:14","modified_gmt":"2024-02-27T10:52:14","slug":"yayli-su-kecesi-buyuk-sb-25","status":"publish","type":"product","link":"https:\/\/www.ndfmakina.com\/?product=yayli-su-kecesi-buyuk-sb-25","title":{"rendered":"YAYLI SU KECESI B\u00dcY\u00dcK SB 25"},"content":{"rendered":"<p>SU MOTORU SU KE\u00c7ESI YAYLI B\u00dcY\u00dcK 3 IN\u00c7<\/p>\n","protected":false},"excerpt":{"rendered":"<p>SU MOTORU SU KE\u00c7ESI YAYLI B\u00dcY\u00dcK 3 IN\u00c7<\/p>\n","protected":false},"featured_media":15602,"template":"","meta":[],"product_cat":[13766,13767],"product_tag":[],"_links":{"self":[{"href":"https:\/\/www.ndfmakina.com\/index.php?rest_route=\/wp\/v2\/product\/15601"}],"collection":[{"href":"https:\/\/www.ndfmakina.com\/index.php?rest_route=\/wp\/v2\/product"}],"about":[{"href":"https:\/\/www.ndfmakina.com\/index.php?rest_route=\/wp\/v2\/types\/product"}],"wp:featuredmedia":[{"embeddable":true,"href":"https:\/\/www.ndfmakina.com\/index.php?rest_route=\/wp\/v2\/media\/15602"}],"wp:attachment":[{"href":"https:\/\/www.ndfmakina.com\/index.php?rest_route=%2Fwp%2Fv2%2Fmedia&parent=15601"}],"wp:term":[{"taxonomy":"product_cat","embeddable":true,"href":"https:\/\/www.ndfmakina.com\/index.php?rest_route=%2Fwp%2Fv2%2Fproduct_cat&post=15601"},{"taxonomy":"product_tag","embeddable":true,"href":"https:\/\/www.ndfmakina.com\/index.php?rest_route=%2Fwp%2Fv2%2Fproduct_tag&post=15601"}],"curies":[{"name":"wp","href":"https:\/\/api.w.org\/{rel}","templated":true}]}}