{"id":15507,"date":"2023-08-23T19:13:48","date_gmt":"2023-08-23T16:13:48","guid":{"rendered":"https:\/\/www.ndfmakina.com\/urun\/starter-cemberi-hsv-61\/"},"modified":"2024-03-04T16:32:48","modified_gmt":"2024-03-04T13:32:48","slug":"starter-cemberi-hsv-61","status":"publish","type":"product","link":"https:\/\/www.ndfmakina.com\/?product=starter-cemberi-hsv-61","title":{"rendered":"STARTER \u00c7EMBER\u0130 HSV.61"},"content":{"rendered":"<p>STARTER \u00c7EMBER\u0130<\/p>\n<p>HUSQVARNA 61 MODEL MOTORLARA UYUMLUDUR<\/p>\n","protected":false},"excerpt":{"rendered":"<p>STARTER \u00c7EMBER\u0130<\/p>\n<p>HUSQVARNA 61 MODEL MOTORLARA UYUMLUDUR<\/p>\n","protected":false},"featured_media":15508,"template":"","meta":[],"product_cat":[13680,13713],"product_tag":[],"_links":{"self":[{"href":"https:\/\/www.ndfmakina.com\/index.php?rest_route=\/wp\/v2\/product\/15507"}],"collection":[{"href":"https:\/\/www.ndfmakina.com\/index.php?rest_route=\/wp\/v2\/product"}],"about":[{"href":"https:\/\/www.ndfmakina.com\/index.php?rest_route=\/wp\/v2\/types\/product"}],"wp:featuredmedia":[{"embeddable":true,"href":"https:\/\/www.ndfmakina.com\/index.php?rest_route=\/wp\/v2\/media\/15508"}],"wp:attachment":[{"href":"https:\/\/www.ndfmakina.com\/index.php?rest_route=%2Fwp%2Fv2%2Fmedia&parent=15507"}],"wp:term":[{"taxonomy":"product_cat","embeddable":true,"href":"https:\/\/www.ndfmakina.com\/index.php?rest_route=%2Fwp%2Fv2%2Fproduct_cat&post=15507"},{"taxonomy":"product_tag","embeddable":true,"href":"https:\/\/www.ndfmakina.com\/index.php?rest_route=%2Fwp%2Fv2%2Fproduct_tag&post=15507"}],"curies":[{"name":"wp","href":"https:\/\/api.w.org\/{rel}","templated":true}]}}