{"id":15425,"date":"2023-08-23T19:12:59","date_gmt":"2023-08-23T16:12:59","guid":{"rendered":"https:\/\/www.ndfmakina.com\/urun\/piston-hsv-34040-mm\/"},"modified":"2024-03-04T12:58:18","modified_gmt":"2024-03-04T09:58:18","slug":"piston-hsv-34040-mm","status":"publish","type":"product","link":"https:\/\/www.ndfmakina.com\/?product=piston-hsv-34040-mm","title":{"rendered":"P\u0130STON HUSQVARNA 340(40 MM)"},"content":{"rendered":"<p>MOTORLU TESTERE Piston Husqvarna 340(40 mm)<\/p>\n<p>PAKET \u0130\u00c7ER\u0130\u011e\u0130:<br \/>\n<br \/>1 adet Piston<br \/>\n<br \/>2 adet Segman<br \/>\n<br \/>1 adet Gajon Pimi<br \/>\n<br \/>2 adet Gajon Sabitleyici<\/p>\n","protected":false},"excerpt":{"rendered":"<p>MOTORLU TESTERE Piston Husqvarna 340(40 mm)<\/p>\n<p>PAKET \u0130\u00c7ER\u0130\u011e\u0130:<br \/>\n<br \/>1 adet Piston<br \/>\n<br \/>2 adet Segman<br \/>\n<br \/>1 adet Gajon Pimi<br \/>\n<br \/>2 adet Gajon Sabitleyici<\/p>\n","protected":false},"featured_media":15426,"template":"","meta":[],"product_cat":[13680,13711],"product_tag":[],"_links":{"self":[{"href":"https:\/\/www.ndfmakina.com\/index.php?rest_route=\/wp\/v2\/product\/15425"}],"collection":[{"href":"https:\/\/www.ndfmakina.com\/index.php?rest_route=\/wp\/v2\/product"}],"about":[{"href":"https:\/\/www.ndfmakina.com\/index.php?rest_route=\/wp\/v2\/types\/product"}],"wp:featuredmedia":[{"embeddable":true,"href":"https:\/\/www.ndfmakina.com\/index.php?rest_route=\/wp\/v2\/media\/15426"}],"wp:attachment":[{"href":"https:\/\/www.ndfmakina.com\/index.php?rest_route=%2Fwp%2Fv2%2Fmedia&parent=15425"}],"wp:term":[{"taxonomy":"product_cat","embeddable":true,"href":"https:\/\/www.ndfmakina.com\/index.php?rest_route=%2Fwp%2Fv2%2Fproduct_cat&post=15425"},{"taxonomy":"product_tag","embeddable":true,"href":"https:\/\/www.ndfmakina.com\/index.php?rest_route=%2Fwp%2Fv2%2Fproduct_tag&post=15425"}],"curies":[{"name":"wp","href":"https:\/\/api.w.org\/{rel}","templated":true}]}}