{"id":15331,"date":"2023-08-23T19:12:30","date_gmt":"2023-08-23T16:12:30","guid":{"rendered":"https:\/\/www.ndfmakina.com\/urun\/spiral-hortum-79-cm\/"},"modified":"2023-09-25T02:44:38","modified_gmt":"2023-09-24T23:44:38","slug":"spiral-hortum-79-cm","status":"publish","type":"product","link":"https:\/\/www.ndfmakina.com\/?product=spiral-hortum-79-cm","title":{"rendered":"SP\u0130RAL HORTUM 79 CM"},"content":{"rendered":"<p>HAREKET AKTARMAYA YARAYAN \u00c7EL\u0130K VE ESNEK HORTUM<\/p>\n","protected":false},"excerpt":{"rendered":"<p>HAREKET AKTARMAYA YARAYAN \u00c7EL\u0130K VE ESNEK HORTUM<\/p>\n","protected":false},"featured_media":15332,"template":"","meta":[],"product_cat":[13724,13760],"product_tag":[],"_links":{"self":[{"href":"https:\/\/www.ndfmakina.com\/index.php?rest_route=\/wp\/v2\/product\/15331"}],"collection":[{"href":"https:\/\/www.ndfmakina.com\/index.php?rest_route=\/wp\/v2\/product"}],"about":[{"href":"https:\/\/www.ndfmakina.com\/index.php?rest_route=\/wp\/v2\/types\/product"}],"wp:featuredmedia":[{"embeddable":true,"href":"https:\/\/www.ndfmakina.com\/index.php?rest_route=\/wp\/v2\/media\/15332"}],"wp:attachment":[{"href":"https:\/\/www.ndfmakina.com\/index.php?rest_route=%2Fwp%2Fv2%2Fmedia&parent=15331"}],"wp:term":[{"taxonomy":"product_cat","embeddable":true,"href":"https:\/\/www.ndfmakina.com\/index.php?rest_route=%2Fwp%2Fv2%2Fproduct_cat&post=15331"},{"taxonomy":"product_tag","embeddable":true,"href":"https:\/\/www.ndfmakina.com\/index.php?rest_route=%2Fwp%2Fv2%2Fproduct_tag&post=15331"}],"curies":[{"name":"wp","href":"https:\/\/api.w.org\/{rel}","templated":true}]}}