{"id":15327,"date":"2023-08-23T19:12:30","date_gmt":"2023-08-23T16:12:30","guid":{"rendered":"https:\/\/www.ndfmakina.com\/urun\/spiral-tel-107-cm-zeytin-silkeleme\/"},"modified":"2026-02-27T15:00:08","modified_gmt":"2026-02-27T12:00:08","slug":"spiral-tel-107-cm-zeytin-silkeleme","status":"publish","type":"product","link":"https:\/\/www.ndfmakina.com\/?product=spiral-tel-107-cm-zeytin-silkeleme","title":{"rendered":"SP\u0130RAL TEL 107 CM ZEYT\u0130N S\u0130LKELEME"},"content":{"rendered":"<p>HAREKET AKTARMAYA YARAYAN \u00c7EL\u0130K VE ESNEK TEL<\/p>\n","protected":false},"excerpt":{"rendered":"<p>HAREKET AKTARMAYA YARAYAN \u00c7EL\u0130K VE ESNEK TEL<\/p>\n","protected":false},"featured_media":15328,"template":"","meta":[],"product_cat":[13724,13760],"product_tag":[],"_links":{"self":[{"href":"https:\/\/www.ndfmakina.com\/index.php?rest_route=\/wp\/v2\/product\/15327"}],"collection":[{"href":"https:\/\/www.ndfmakina.com\/index.php?rest_route=\/wp\/v2\/product"}],"about":[{"href":"https:\/\/www.ndfmakina.com\/index.php?rest_route=\/wp\/v2\/types\/product"}],"wp:featuredmedia":[{"embeddable":true,"href":"https:\/\/www.ndfmakina.com\/index.php?rest_route=\/wp\/v2\/media\/15328"}],"wp:attachment":[{"href":"https:\/\/www.ndfmakina.com\/index.php?rest_route=%2Fwp%2Fv2%2Fmedia&parent=15327"}],"wp:term":[{"taxonomy":"product_cat","embeddable":true,"href":"https:\/\/www.ndfmakina.com\/index.php?rest_route=%2Fwp%2Fv2%2Fproduct_cat&post=15327"},{"taxonomy":"product_tag","embeddable":true,"href":"https:\/\/www.ndfmakina.com\/index.php?rest_route=%2Fwp%2Fv2%2Fproduct_tag&post=15327"}],"curies":[{"name":"wp","href":"https:\/\/api.w.org\/{rel}","templated":true}]}}