{"id":15109,"date":"2023-08-23T19:10:57","date_gmt":"2023-08-23T16:10:57","guid":{"rendered":"https:\/\/www.ndfmakina.com\/urun\/starter-kapak-cin-5200\/"},"modified":"2024-09-28T10:10:00","modified_gmt":"2024-09-28T07:10:00","slug":"starter-kapak-cin-5200","status":"publish","type":"product","link":"https:\/\/www.ndfmakina.com\/?product=starter-kapak-cin-5200","title":{"rendered":"STARTER KAPAK \u00c7\u0130N 5200"},"content":{"rendered":"<p>PLAST\u0130K MAR\u015e KAPA\u011eI KOMPLE SET<\/p>\n","protected":false},"excerpt":{"rendered":"<p>PLAST\u0130K MAR\u015e KAPA\u011eI KOMPLE SET<\/p>\n","protected":false},"featured_media":17577,"template":"","meta":[],"product_cat":[13680,13713],"product_tag":[],"_links":{"self":[{"href":"https:\/\/www.ndfmakina.com\/index.php?rest_route=\/wp\/v2\/product\/15109"}],"collection":[{"href":"https:\/\/www.ndfmakina.com\/index.php?rest_route=\/wp\/v2\/product"}],"about":[{"href":"https:\/\/www.ndfmakina.com\/index.php?rest_route=\/wp\/v2\/types\/product"}],"wp:featuredmedia":[{"embeddable":true,"href":"https:\/\/www.ndfmakina.com\/index.php?rest_route=\/wp\/v2\/media\/17577"}],"wp:attachment":[{"href":"https:\/\/www.ndfmakina.com\/index.php?rest_route=%2Fwp%2Fv2%2Fmedia&parent=15109"}],"wp:term":[{"taxonomy":"product_cat","embeddable":true,"href":"https:\/\/www.ndfmakina.com\/index.php?rest_route=%2Fwp%2Fv2%2Fproduct_cat&post=15109"},{"taxonomy":"product_tag","embeddable":true,"href":"https:\/\/www.ndfmakina.com\/index.php?rest_route=%2Fwp%2Fv2%2Fproduct_tag&post=15109"}],"curies":[{"name":"wp","href":"https:\/\/api.w.org\/{rel}","templated":true}]}}