{"id":15105,"date":"2023-08-23T19:10:41","date_gmt":"2023-08-23T16:10:41","guid":{"rendered":"https:\/\/www.ndfmakina.com\/urun\/starter-kapak-stihl-044-046-ms460\/"},"modified":"2023-09-20T22:27:15","modified_gmt":"2023-09-20T19:27:15","slug":"starter-kapak-stihl-044-046-ms460","status":"publish","type":"product","link":"https:\/\/www.ndfmakina.com\/?product=starter-kapak-stihl-044-046-ms460","title":{"rendered":"STARTER KAPAK ST\u0130HL 044\/046\/MS460"},"content":{"rendered":"<p>PLAST\u0130K MAR\u015e KAPA\u011eI KOMPLE SET<\/p>\n","protected":false},"excerpt":{"rendered":"<p>PLAST\u0130K MAR\u015e KAPA\u011eI KOMPLE SET<\/p>\n","protected":false},"featured_media":15106,"template":"","meta":[],"product_cat":[13680,13713],"product_tag":[],"_links":{"self":[{"href":"https:\/\/www.ndfmakina.com\/index.php?rest_route=\/wp\/v2\/product\/15105"}],"collection":[{"href":"https:\/\/www.ndfmakina.com\/index.php?rest_route=\/wp\/v2\/product"}],"about":[{"href":"https:\/\/www.ndfmakina.com\/index.php?rest_route=\/wp\/v2\/types\/product"}],"wp:featuredmedia":[{"embeddable":true,"href":"https:\/\/www.ndfmakina.com\/index.php?rest_route=\/wp\/v2\/media\/15106"}],"wp:attachment":[{"href":"https:\/\/www.ndfmakina.com\/index.php?rest_route=%2Fwp%2Fv2%2Fmedia&parent=15105"}],"wp:term":[{"taxonomy":"product_cat","embeddable":true,"href":"https:\/\/www.ndfmakina.com\/index.php?rest_route=%2Fwp%2Fv2%2Fproduct_cat&post=15105"},{"taxonomy":"product_tag","embeddable":true,"href":"https:\/\/www.ndfmakina.com\/index.php?rest_route=%2Fwp%2Fv2%2Fproduct_tag&post=15105"}],"curies":[{"name":"wp","href":"https:\/\/api.w.org\/{rel}","templated":true}]}}