{"id":15077,"date":"2023-08-23T19:10:41","date_gmt":"2023-08-23T16:10:41","guid":{"rendered":"https:\/\/www.ndfmakina.com\/urun\/piston-ctm-40-mm\/"},"modified":"2026-02-27T14:16:43","modified_gmt":"2026-02-27T11:16:43","slug":"piston-ctm-40-mm","status":"publish","type":"product","link":"https:\/\/www.ndfmakina.com\/?product=piston-ctm-40-mm","title":{"rendered":"PISTON \u00c7\u0130N TIRPAN 40 MM"},"content":{"rendered":"<p>MOTORLU TIRPAN PISTON TAKIM \u00c7TM 40 MM<\/p>\n<p>PAKET I\u00c7ERIGI:<br \/>\n<br \/>1 adet Piston<br \/>\n<br \/>2 adet Segman<br \/>\n<br \/>1 adet Gajon Pimi<br \/>\n<br \/>2 adet Gajon Sabitleyici<\/p>\n","protected":false},"excerpt":{"rendered":"<p>MOTORLU TIRPAN PISTON TAKIM \u00c7TM 40 MM<\/p>\n<p>PAKET I\u00c7ERIGI:<br \/>\n<br \/>1 adet Piston<br \/>\n<br \/>2 adet Segman<br \/>\n<br \/>1 adet Gajon Pimi<br \/>\n<br \/>2 adet Gajon Sabitleyici<\/p>\n","protected":false},"featured_media":15078,"template":"","meta":[],"product_cat":[13724,13757],"product_tag":[],"_links":{"self":[{"href":"https:\/\/www.ndfmakina.com\/index.php?rest_route=\/wp\/v2\/product\/15077"}],"collection":[{"href":"https:\/\/www.ndfmakina.com\/index.php?rest_route=\/wp\/v2\/product"}],"about":[{"href":"https:\/\/www.ndfmakina.com\/index.php?rest_route=\/wp\/v2\/types\/product"}],"wp:featuredmedia":[{"embeddable":true,"href":"https:\/\/www.ndfmakina.com\/index.php?rest_route=\/wp\/v2\/media\/15078"}],"wp:attachment":[{"href":"https:\/\/www.ndfmakina.com\/index.php?rest_route=%2Fwp%2Fv2%2Fmedia&parent=15077"}],"wp:term":[{"taxonomy":"product_cat","embeddable":true,"href":"https:\/\/www.ndfmakina.com\/index.php?rest_route=%2Fwp%2Fv2%2Fproduct_cat&post=15077"},{"taxonomy":"product_tag","embeddable":true,"href":"https:\/\/www.ndfmakina.com\/index.php?rest_route=%2Fwp%2Fv2%2Fproduct_tag&post=15077"}],"curies":[{"name":"wp","href":"https:\/\/api.w.org\/{rel}","templated":true}]}}