{"id":14965,"date":"2023-08-23T19:09:37","date_gmt":"2023-08-23T16:09:37","guid":{"rendered":"https:\/\/www.ndfmakina.com\/urun\/balata-stihl-029-034-360\/"},"modified":"2023-09-11T03:34:36","modified_gmt":"2023-09-11T00:34:36","slug":"balata-stihl-029-034-360","status":"publish","type":"product","link":"https:\/\/www.ndfmakina.com\/?product=balata-stihl-029-034-360","title":{"rendered":"BALATA ST\u0130HL 029\/034\/360"},"content":{"rendered":"<p>Z\u0130NC\u0130R D\u0130\u015eL\u0130S\u0130NE HAREKET VEREN KAVRAMA BALATASI<\/p>\n","protected":false},"excerpt":{"rendered":"<p>Z\u0130NC\u0130R D\u0130\u015eL\u0130S\u0130NE HAREKET VEREN KAVRAMA BALATASI<\/p>\n","protected":false},"featured_media":14966,"template":"","meta":[],"product_cat":[13680,13683],"product_tag":[],"_links":{"self":[{"href":"https:\/\/www.ndfmakina.com\/index.php?rest_route=\/wp\/v2\/product\/14965"}],"collection":[{"href":"https:\/\/www.ndfmakina.com\/index.php?rest_route=\/wp\/v2\/product"}],"about":[{"href":"https:\/\/www.ndfmakina.com\/index.php?rest_route=\/wp\/v2\/types\/product"}],"wp:featuredmedia":[{"embeddable":true,"href":"https:\/\/www.ndfmakina.com\/index.php?rest_route=\/wp\/v2\/media\/14966"}],"wp:attachment":[{"href":"https:\/\/www.ndfmakina.com\/index.php?rest_route=%2Fwp%2Fv2%2Fmedia&parent=14965"}],"wp:term":[{"taxonomy":"product_cat","embeddable":true,"href":"https:\/\/www.ndfmakina.com\/index.php?rest_route=%2Fwp%2Fv2%2Fproduct_cat&post=14965"},{"taxonomy":"product_tag","embeddable":true,"href":"https:\/\/www.ndfmakina.com\/index.php?rest_route=%2Fwp%2Fv2%2Fproduct_tag&post=14965"}],"curies":[{"name":"wp","href":"https:\/\/api.w.org\/{rel}","templated":true}]}}