{"id":453,"date":"2017-09-09T18:08:34","date_gmt":"2017-09-09T15:08:34","guid":{"rendered":"https:\/\/www.ndfmakina.com\/?page_id=453"},"modified":"2023-09-27T00:56:03","modified_gmt":"2023-09-26T21:56:03","slug":"firma-profili","status":"publish","type":"page","link":"https:\/\/www.ndfmakina.com\/?page_id=453","title":{"rendered":"Firma Profili"},"content":{"rendered":"\n<p><strong>\u0130\u00c7ER\u0130K B\u0130LG\u0130S\u0130 HAZIRLANIYOR&nbsp;<\/strong><\/p>\n\n\n\n<p><strong>\u0130lginiz i\u00e7in te\u015fekk\u00fcr ederiz.<\/strong><\/p>\n","protected":false},"excerpt":{"rendered":"<p>\u0130\u00c7ER\u0130K B\u0130LG\u0130S\u0130 HAZIRLANIYOR&nbsp; \u0130lginiz i\u00e7in te\u015fekk\u00fcr ederiz.<\/p>\n","protected":false},"author":1,"featured_media":0,"parent":0,"menu_order":0,"comment_status":"closed","ping_status":"closed","template":"","meta":{"footnotes":""},"_links":{"self":[{"href":"https:\/\/www.ndfmakina.com\/index.php?rest_route=\/wp\/v2\/pages\/453"}],"collection":[{"href":"https:\/\/www.ndfmakina.com\/index.php?rest_route=\/wp\/v2\/pages"}],"about":[{"href":"https:\/\/www.ndfmakina.com\/index.php?rest_route=\/wp\/v2\/types\/page"}],"author":[{"embeddable":true,"href":"https:\/\/www.ndfmakina.com\/index.php?rest_route=\/wp\/v2\/users\/1"}],"replies":[{"embeddable":true,"href":"https:\/\/www.ndfmakina.com\/index.php?rest_route=%2Fwp%2Fv2%2Fcomments&post=453"}],"version-history":[{"count":0,"href":"https:\/\/www.ndfmakina.com\/index.php?rest_route=\/wp\/v2\/pages\/453\/revisions"}],"wp:attachment":[{"href":"https:\/\/www.ndfmakina.com\/index.php?rest_route=%2Fwp%2Fv2%2Fmedia&parent=453"}],"curies":[{"name":"wp","href":"https:\/\/api.w.org\/{rel}","templated":true}]}}